{"id":109,"date":"2019-04-23T02:07:34","date_gmt":"2019-04-23T02:07:34","guid":{"rendered":"https:\/\/partageaumasculin.com\/wp_photo_pere_2019\/?page_id=109"},"modified":"2019-05-15T20:19:11","modified_gmt":"2019-05-15T20:19:11","slug":"inscription","status":"publish","type":"page","link":"https:\/\/partageaumasculin.com\/wp_photo_pere_2019\/bienenue\/inscription\/","title":{"rendered":"Inscription"},"content":{"rendered":"<h2 style=\"text-align: center;\">Comment s&rsquo;inscrire \u00e0 l&rsquo;activit\u00e9<\/h2>\n<p>Voici les instructions pour s&rsquo;inscrire \u00e0 l&rsquo;activit\u00e9 <em><strong>\u00ab\u00a0C\u00e9l\u00e9brons la fiert\u00e9 d&rsquo;\u00eatre p\u00e8re!\u00a0\u00bb<\/strong><\/em>.<\/p>\n<p>1_ S\u00e9lectionnez une des options suivantes:<\/p>\n<p style=\"padding-left: 40px;\">&#8211; Vos images \u00a0 \u00a0 \u00a0 \u00a0 \u00a0 <img decoding=\"async\" loading=\"lazy\" class=\"alignnone size-full wp-image-112\" src=\"https:\/\/partageaumasculin.com\/wp_photo_pere_2019\/wp-content\/uploads\/2019\/04\/Vos_Images.png\" alt=\"\" width=\"93\" height=\"48\" \/><\/p>\n<p style=\"padding-left: 40px;\">&#8211; Se connecter\u00a0\u00a0\u00a0\u00a0\u00a0\u00a0\u00a0 <img decoding=\"async\" loading=\"lazy\" class=\"alignnone size-full wp-image-111\" src=\"https:\/\/partageaumasculin.com\/wp_photo_pere_2019\/wp-content\/uploads\/2019\/04\/Se_Connecter.png\" alt=\"\" width=\"121\" height=\"50\" \/><\/p>\n<p>2_ \u00c0 la page suivante, dans la section inscription, entrez :<\/p>\n<p style=\"padding-left: 40px;\">&#8211; Votre pr\u00e9nom et votre nom. C&rsquo;est ce nom que vous utiliserez pour acc\u00e9der au site de l&rsquo;activit\u00e9.<\/p>\n<p style=\"padding-left: 40px;\">&#8211; Votre adresse courriel.<\/p>\n<p><img decoding=\"async\" loading=\"lazy\" class=\"alignnone size-medium wp-image-115\" src=\"https:\/\/partageaumasculin.com\/wp_photo_pere_2019\/wp-content\/uploads\/2019\/04\/s_inscrire-300x183.png\" alt=\"\" width=\"300\" height=\"183\" srcset=\"https:\/\/partageaumasculin.com\/wp_photo_pere_2019\/wp-content\/uploads\/2019\/04\/s_inscrire-300x183.png 300w, https:\/\/partageaumasculin.com\/wp_photo_pere_2019\/wp-content\/uploads\/2019\/04\/s_inscrire-350x213.png 350w, https:\/\/partageaumasculin.com\/wp_photo_pere_2019\/wp-content\/uploads\/2019\/04\/s_inscrire.png 544w\" sizes=\"(max-width: 300px) 100vw, 300px\" \/><\/p>\n<p>3_ Lorsque vous aurez terminer, cliquez sur \u00ab\u00a0S&rsquo;INSCRIRE\u00a0\u00bb.<\/p>\n<p>4_ Le syst\u00e8me vous enverra un courriel avec les instructions pour acc\u00e9der au site de l&rsquo;activit\u00e9.<\/p>\n<p>5_ Lorsque que vous aurez votre mot de passe, revenez au site, aller \u00e0 \u00ab\u00a0Se Connecter\u00a0\u00bb.<\/p>\n<p><a href=\"https:\/\/partageaumasculin.com\/wp_photo_pere_2019\/?contest=contest-profile\">Cliquer ici pour aller \u00e0 l&rsquo;option \u00ab\u00a0Se connecter\u00a0\u00bb<\/a><\/p>\n<p>&nbsp;<\/p>\n<p>&nbsp;<\/p>\n","protected":false},"excerpt":{"rendered":"<p>Comment s&rsquo;inscrire \u00e0 l&rsquo;activit\u00e9 Voici les instructions pour s&rsquo;inscrire \u00e0 l&rsquo;activit\u00e9 \u00ab\u00a0C\u00e9l\u00e9brons la fiert\u00e9 d&rsquo;\u00eatre p\u00e8re!\u00a0\u00bb. 1_ S\u00e9lectionnez une des options suivantes: &#8211; Vos images \u00a0 \u00a0 \u00a0 \u00a0 \u00a0 &#8211; Se connecter\u00a0\u00a0\u00a0\u00a0\u00a0\u00a0\u00a0 2_ \u00c0 la page suivante, dans la section inscription, entrez : &#8211; Votre pr\u00e9nom et votre nom. C&rsquo;est ce nom que vous [&hellip;]<\/p>\n","protected":false},"author":2,"featured_media":0,"parent":8,"menu_order":0,"comment_status":"closed","ping_status":"closed","template":"","meta":[],"_links":{"self":[{"href":"https:\/\/partageaumasculin.com\/wp_photo_pere_2019\/wp-json\/wp\/v2\/pages\/109"}],"collection":[{"href":"https:\/\/partageaumasculin.com\/wp_photo_pere_2019\/wp-json\/wp\/v2\/pages"}],"about":[{"href":"https:\/\/partageaumasculin.com\/wp_photo_pere_2019\/wp-json\/wp\/v2\/types\/page"}],"author":[{"embeddable":true,"href":"https:\/\/partageaumasculin.com\/wp_photo_pere_2019\/wp-json\/wp\/v2\/users\/2"}],"replies":[{"embeddable":true,"href":"https:\/\/partageaumasculin.com\/wp_photo_pere_2019\/wp-json\/wp\/v2\/comments?post=109"}],"version-history":[{"count":8,"href":"https:\/\/partageaumasculin.com\/wp_photo_pere_2019\/wp-json\/wp\/v2\/pages\/109\/revisions"}],"predecessor-version":[{"id":163,"href":"https:\/\/partageaumasculin.com\/wp_photo_pere_2019\/wp-json\/wp\/v2\/pages\/109\/revisions\/163"}],"up":[{"embeddable":true,"href":"https:\/\/partageaumasculin.com\/wp_photo_pere_2019\/wp-json\/wp\/v2\/pages\/8"}],"wp:attachment":[{"href":"https:\/\/partageaumasculin.com\/wp_photo_pere_2019\/wp-json\/wp\/v2\/media?parent=109"}],"curies":[{"name":"wp","href":"https:\/\/api.w.org\/{rel}","templated":true}]}}