{"id":56,"date":"2019-04-15T01:57:03","date_gmt":"2019-04-15T01:57:03","guid":{"rendered":"https:\/\/partageaumasculin.com\/wp_photo_pere_2019\/?page_id=56"},"modified":"2019-05-15T23:54:14","modified_gmt":"2019-05-15T23:54:14","slug":"les-prix","status":"publish","type":"page","link":"https:\/\/partageaumasculin.com\/wp_photo_pere_2019\/bienenue\/les-prix\/","title":{"rendered":"Les prix \u00ab\u00a0Reconnaissance\u00a0\u00bb"},"content":{"rendered":"<h2 style=\"text-align: center;\"><\/h2>\n<hr \/>\n<p>Trente prix de participation d\u2019un montant de vingt-cinq dollars seront attribu\u00e9s au hasard,<\/p>\n<p>soit trois par territoire de MRC. Le d\u00e9voilement des r\u00e9cipiendaires aura lieu le 19 juin 2019, sur le site web de l\u2019organisme.<\/p>\n<p>&nbsp;<\/p>\n<p><strong>Montrons-nous, papas! C\u00e9l\u00e9brons la fiert\u00e9 d&rsquo;\u00eatre p\u00e8re! Affichons nos papas!<\/strong><\/p>\n","protected":false},"excerpt":{"rendered":"<p>Trente prix de participation d\u2019un montant de vingt-cinq dollars seront attribu\u00e9s au hasard, soit trois par territoire de MRC. Le d\u00e9voilement des r\u00e9cipiendaires aura lieu le 19 juin 2019, sur le site web de l\u2019organisme. &nbsp; Montrons-nous, papas! C\u00e9l\u00e9brons la fiert\u00e9 d&rsquo;\u00eatre p\u00e8re! Affichons nos papas!<\/p>\n","protected":false},"author":2,"featured_media":0,"parent":8,"menu_order":0,"comment_status":"closed","ping_status":"closed","template":"","meta":[],"_links":{"self":[{"href":"https:\/\/partageaumasculin.com\/wp_photo_pere_2019\/wp-json\/wp\/v2\/pages\/56"}],"collection":[{"href":"https:\/\/partageaumasculin.com\/wp_photo_pere_2019\/wp-json\/wp\/v2\/pages"}],"about":[{"href":"https:\/\/partageaumasculin.com\/wp_photo_pere_2019\/wp-json\/wp\/v2\/types\/page"}],"author":[{"embeddable":true,"href":"https:\/\/partageaumasculin.com\/wp_photo_pere_2019\/wp-json\/wp\/v2\/users\/2"}],"replies":[{"embeddable":true,"href":"https:\/\/partageaumasculin.com\/wp_photo_pere_2019\/wp-json\/wp\/v2\/comments?post=56"}],"version-history":[{"count":12,"href":"https:\/\/partageaumasculin.com\/wp_photo_pere_2019\/wp-json\/wp\/v2\/pages\/56\/revisions"}],"predecessor-version":[{"id":172,"href":"https:\/\/partageaumasculin.com\/wp_photo_pere_2019\/wp-json\/wp\/v2\/pages\/56\/revisions\/172"}],"up":[{"embeddable":true,"href":"https:\/\/partageaumasculin.com\/wp_photo_pere_2019\/wp-json\/wp\/v2\/pages\/8"}],"wp:attachment":[{"href":"https:\/\/partageaumasculin.com\/wp_photo_pere_2019\/wp-json\/wp\/v2\/media?parent=56"}],"curies":[{"name":"wp","href":"https:\/\/api.w.org\/{rel}","templated":true}]}}